{"id":1879,"date":"2016-08-11T13:06:59","date_gmt":"2016-08-11T09:06:59","guid":{"rendered":"http:\/\/ich.md\/?page_id=1879"},"modified":"2024-01-09T10:44:07","modified_gmt":"2024-01-09T08:44:07","slug":"contacts","status":"publish","type":"page","link":"https:\/\/ich.md\/?page_id=1879","title":{"rendered":"Contacte\/ Contacts \/ \u041a\u043e\u043d\u0442\u0430\u043a\u0442\u044b"},"content":{"rendered":"<p><strong>Institutul Patrimoniului Cultural<\/strong><br \/>\n<strong>Adresa:<\/strong> Mun. Chi\u015fin\u0103u, bd. \u015etefan cel Mare 1<br \/>\n<strong>Tel:<\/strong> 022 26-09-61<br \/>\n<strong>Email: ipcultural.md@gmail.com<\/strong><br \/>\n<strong>Cont bancar:<\/strong> 226301<br \/>\n<strong>Codul b\u0103ncii:<\/strong> TREZMD2X<br \/>\n<strong>Cont trezorerial:<\/strong> 210107018173478<br \/>\n<strong>Codul fiscal:<\/strong> 1006600034042<\/p>\n<div>\n<p><strong>Administra<\/strong><strong>\u021b<\/strong><strong>ia Institutului Patrimoniului Cultural:<\/strong><\/p>\n<p><strong>Director interimar al IPC<\/strong> \u2013 Ion URSU, dr. \u00een istorie.<\/p>\n<p>Tel.:\/fax.: 0 22 260957<\/p>\n<p>e-mail:\u00a0ipcultural.md@gmail.com<\/p>\n<p><strong>Secretar <\/strong><strong>\u0219<\/strong><strong>tiin<\/strong><strong>\u021b<\/strong><strong>ific<\/strong> \u2013 Natalia GR\u0102DINARU,\u00a0dr. \u00een istorie, cercet\u0103tor \u0219tiin\u021bific coordonator.<\/p>\n<p>Tel.: 0 22 270602<\/p>\n<p>e-mail:\u00a0ipcultural.md@gmail.com<\/p>\n<p style=\"text-align: left;\" align=\"center\"><strong>Contabil \u015fef &#8211;\u00a0<\/strong>Valentina \u0162i\u0163ei<br \/>\ntel. 022 26-09-61<\/p>\n<p style=\"text-align: left;\" align=\"center\">e-mail:\u00a0titei@mail.ru<\/p>\n<p style=\"text-align: left;\" align=\"center\"><strong>Director Centrul Arheologie &#8211;\u00a0<\/strong><br \/>\ntel. 022 26-09-59<\/p>\n<p style=\"text-align: left;\" align=\"center\"><strong>Director Centrul Etnologie &#8211;\u00a0<\/strong>dr. Ion DUMINIC\u0102<br \/>\ntel. 022 27-10-07<\/p>\n<p style=\"text-align: left;\" align=\"center\"><strong>Director\u00a0 Centrul Studiul Artelor &#8211; <\/strong>dr. Violeta TIPA, \u00een studiul artelor, cercet\u0103tor \u0219tiin\u021bific coordonator<br \/>\ntel. 022 27-26-84<\/p>\n<\/div>\n<p>{:}{:en}<strong>Contacts<\/strong>:<\/p>\n<p>Institute of Cultural Heritage<\/p>\n<p>Stefan cel Mare, 1 Bd., MD \u2013 20001, Chisinau, Republic of Moldova<\/p>\n<p>tel.: + 373 22 270602; + 373 22 260957<\/p>\n<p>e-mail:\u00a0ipcultural.md@gmail.com<\/p>\n<p><a href=\"http:\/\/www.patrimoniu.asm\/\">www.patrimoniu.asm.md<\/a><br \/>\n<iframe loading=\"lazy\" style=\"border: 0;\" src=\"https:\/\/www.google.com\/maps\/embed?pb=!1m10!1m8!1m3!1d2720.3634602709944!2d28.84647868318937!3d47.013470268928145!3m2!1i1024!2i768!4f13.1!5e0!3m2!1sro!2sru!4v1470905983714\" width=\"800\" height=\"600\" frameborder=\"0\" allowfullscreen=\"allowfullscreen\"><\/iframe><\/p>\n<p><a href=\"http:\/\/ich.md\/wp-admin\/\">ADMINISTRARE PAGIN\u0102<\/a><\/p>\n","protected":false},"excerpt":{"rendered":"<p>Institutul Patrimoniului Cultural Adresa: Mun. Chi\u015fin\u0103u, bd. \u015etefan cel Mare 1 Tel: 022 26-09-61 Email: ipcultural.md@gmail.com Cont bancar: 226301 Codul b\u0103ncii: TREZMD2X Cont trezorerial: 210107018173478<span class=\"read-more-link\"><a class=\"read-more\" href=\"https:\/\/ich.md\/?page_id=1879\">Read More<\/a><\/span><\/p>\n","protected":false},"author":2,"featured_media":0,"parent":0,"menu_order":0,"comment_status":"closed","ping_status":"closed","template":"","meta":[],"_links":{"self":[{"href":"https:\/\/ich.md\/index.php?rest_route=\/wp\/v2\/pages\/1879"}],"collection":[{"href":"https:\/\/ich.md\/index.php?rest_route=\/wp\/v2\/pages"}],"about":[{"href":"https:\/\/ich.md\/index.php?rest_route=\/wp\/v2\/types\/page"}],"author":[{"embeddable":true,"href":"https:\/\/ich.md\/index.php?rest_route=\/wp\/v2\/users\/2"}],"replies":[{"embeddable":true,"href":"https:\/\/ich.md\/index.php?rest_route=%2Fwp%2Fv2%2Fcomments&post=1879"}],"version-history":[{"count":16,"href":"https:\/\/ich.md\/index.php?rest_route=\/wp\/v2\/pages\/1879\/revisions"}],"predecessor-version":[{"id":7324,"href":"https:\/\/ich.md\/index.php?rest_route=\/wp\/v2\/pages\/1879\/revisions\/7324"}],"wp:attachment":[{"href":"https:\/\/ich.md\/index.php?rest_route=%2Fwp%2Fv2%2Fmedia&parent=1879"}],"curies":[{"name":"wp","href":"https:\/\/api.w.org\/{rel}","templated":true}]}}