{"id":1904,"date":"2016-08-11T14:59:03","date_gmt":"2016-08-11T10:59:03","guid":{"rendered":"http:\/\/ich.md\/?page_id=1904"},"modified":"2022-09-05T15:14:50","modified_gmt":"2022-09-05T12:14:50","slug":"archaeological-center","status":"publish","type":"page","link":"https:\/\/ich.md\/?page_id=1904","title":{"rendered":"{:en}Archaeological Center{:}{:ro}Centrul de Arheologie{:}{:ru}\u0426\u0435\u043d\u0442\u0440 \u0410\u0440\u0445\u0435\u043e\u043b\u043e\u0433\u0438\u0438{:}"},"content":{"rendered":"<p><strong>Dire<\/strong><strong>c\u0163ia general\u0103 de cercetare &#8211; Geneza \u015fi evolu\u0163ia comunit\u0103\u0163ilor culturale din spa\u0163iul Carpato-Nistrean din perioadele: preistorie \u2013 antic\u0103.<\/strong><\/p>\n<p>Centru arheologie este divizat \u00een sec\u0163ii:<\/p>\n<ul>\n<li><a href=\"http:\/\/ich.md\/?cat=27\"><strong>Sec\u021bia Arheologie Preistoric\u0103 \u0219i Tracologie<\/strong><\/a><\/li>\n<li><a href=\"http:\/\/ich.md\/?cat=28\"><strong>Sec\u021bia Arheologie Antic\u0103 \u0219i Medieval\u0103<\/strong><\/a><\/li>\n<\/ul>\n<p>Sub egida Centrului Arheologie se editeaz\u0103 <a href=\"http:\/\/ich.md\/?cat=34\"><strong>Revista \u015ftiin\u0163ific\u0103 arheologic\u0103<\/strong><\/a><\/p>\n<p><strong><a href=\"http:\/\/ich.md\/?cat=35\">Monografii, anuare, articole, publica\u021bii<\/a><\/strong><\/p>\n","protected":false},"excerpt":{"rendered":"<p>Direc\u0163ia general\u0103 de cercetare &#8211; Geneza \u015fi evolu\u0163ia comunit\u0103\u0163ilor culturale din spa\u0163iul Carpato-Nistrean din perioadele: preistorie \u2013 antic\u0103. Centru arheologie este divizat \u00een sec\u0163ii: Sec\u021bia<span class=\"read-more-link\"><a class=\"read-more\" href=\"https:\/\/ich.md\/?page_id=1904\">Read More<\/a><\/span><\/p>\n","protected":false},"author":2,"featured_media":0,"parent":0,"menu_order":0,"comment_status":"closed","ping_status":"closed","template":"","meta":[],"_links":{"self":[{"href":"https:\/\/ich.md\/index.php?rest_route=\/wp\/v2\/pages\/1904"}],"collection":[{"href":"https:\/\/ich.md\/index.php?rest_route=\/wp\/v2\/pages"}],"about":[{"href":"https:\/\/ich.md\/index.php?rest_route=\/wp\/v2\/types\/page"}],"author":[{"embeddable":true,"href":"https:\/\/ich.md\/index.php?rest_route=\/wp\/v2\/users\/2"}],"replies":[{"embeddable":true,"href":"https:\/\/ich.md\/index.php?rest_route=%2Fwp%2Fv2%2Fcomments&post=1904"}],"version-history":[{"count":3,"href":"https:\/\/ich.md\/index.php?rest_route=\/wp\/v2\/pages\/1904\/revisions"}],"predecessor-version":[{"id":6776,"href":"https:\/\/ich.md\/index.php?rest_route=\/wp\/v2\/pages\/1904\/revisions\/6776"}],"wp:attachment":[{"href":"https:\/\/ich.md\/index.php?rest_route=%2Fwp%2Fv2%2Fmedia&parent=1904"}],"curies":[{"name":"wp","href":"https:\/\/api.w.org\/{rel}","templated":true}]}}