{"id":1969,"date":"2016-08-12T10:02:20","date_gmt":"2016-08-12T06:02:20","guid":{"rendered":"http:\/\/ich.md\/?page_id=1969"},"modified":"2016-08-12T10:02:20","modified_gmt":"2016-08-12T06:02:20","slug":"centrul-studiul-artelor-2","status":"publish","type":"page","link":"https:\/\/ich.md\/?page_id=1969","title":{"rendered":"{:en}Centrul Studiul Artelor{:}{:ro}Centrul Studiul Artelor{:}"},"content":{"rendered":"<p><em><\/em><strong>Director \u2013 Tudor Stavil\u0103, dr. hab.<\/strong><br \/>\nTel.: 022 27-26-84<br \/>\nEmail: isaasm@asm.md<\/p>\n<p style=\"text-align: justify;\">Se constituie \u00een cadrul Academiei de \u015etiin\u0163e a Moldovei \u00een 1962, cu modific\u0103ri \u00een 1969 (Sectorul studiul artelor) \u015fi 1976, c\u00e2nd se constituie Sectorul de arte plastice \u015fi Sectorul monumentelor de istorie \u015fi cultur\u0103. \u00cen 1991 a fost fondat Institutul Studiul Artelor (director, L.Cemortan (1991-1997), urmat \u00een timp de C. Ciobanu(1998) \u015fi T. Stavil\u0103 (1999-2005), iar din 2006 face parte, \u00een calitate de Centru al Studiului Artelor, din componen\u0163a Institutului Patrimoniului Cultural al A\u015eM.<br \/>\nTematica prioritar\u0103: Geneza, evolu\u0163ia \u015fi tipologia artelor na\u0163ionale.<br \/>\n\u00cen componen\u0163a Centrului activeaz\u0103 32 de cercet\u0103tori \u015ftiin\u0163ifici, inclusiv 5 dri. habilita\u0163i (2 cumularzi), 19 dr \u00een studiul artelor (6 cumularzi), 7 cercet\u0103tori \u015ftiin\u0163ifici \u015fi 9 doctoranzi.<br \/>\nCentrul Studiul Artelor este constituit din dou\u0103 sec\u0163ii:<\/p>\n<ul>\n<li><a href=\"http:\/\/ich.md\/?cat=31\"><strong>Sec\u021bia Arte Vizuale<\/strong><\/a><\/li>\n<li><a href=\"http:\/\/ich.md\/?p=566\"><strong>Sec\u021bia Arte Audiovizuale<\/strong><\/a><\/li>\n<\/ul>\n<p>Vezi:<strong><a href=\"http:\/\/ich.md\/wp-content\/uploads\/2014\/01\/Centrul-studiul-Artelor.doc\"> Cele mai importante realiz\u0103ri ale Centrului Studiul Artelor pentru anii 2006-2011 <\/a><a href=\"http:\/\/ich.md\/wp-content\/uploads\/2014\/01\/Centrul-studiul-Artelor.doc\"><img decoding=\"async\" loading=\"lazy\" class=\"alignnone wp-image-586\" src=\"http:\/\/ich.md\/wp-content\/uploads\/2013\/12\/index1-150x150.jpg\" alt=\"index\" width=\"32\" height=\"32\" \/><\/a><\/strong><\/p>\n<p>Vezi:<a href=\"http:\/\/ich.md\/?cat=52\"><strong> Revista Arta<\/strong><\/a><\/p>\n","protected":false},"excerpt":{"rendered":"<p>Director \u2013 Tudor Stavil\u0103, dr. hab. Tel.: 022 27-26-84 Email: isaasm@asm.md Se constituie \u00een cadrul Academiei de \u015etiin\u0163e a Moldovei \u00een 1962, cu modific\u0103ri \u00een<span class=\"read-more-link\"><a class=\"read-more\" href=\"https:\/\/ich.md\/?page_id=1969\">Read More<\/a><\/span><\/p>\n","protected":false},"author":2,"featured_media":0,"parent":0,"menu_order":0,"comment_status":"closed","ping_status":"closed","template":"","meta":[],"_links":{"self":[{"href":"https:\/\/ich.md\/index.php?rest_route=\/wp\/v2\/pages\/1969"}],"collection":[{"href":"https:\/\/ich.md\/index.php?rest_route=\/wp\/v2\/pages"}],"about":[{"href":"https:\/\/ich.md\/index.php?rest_route=\/wp\/v2\/types\/page"}],"author":[{"embeddable":true,"href":"https:\/\/ich.md\/index.php?rest_route=\/wp\/v2\/users\/2"}],"replies":[{"embeddable":true,"href":"https:\/\/ich.md\/index.php?rest_route=%2Fwp%2Fv2%2Fcomments&post=1969"}],"version-history":[{"count":2,"href":"https:\/\/ich.md\/index.php?rest_route=\/wp\/v2\/pages\/1969\/revisions"}],"predecessor-version":[{"id":1971,"href":"https:\/\/ich.md\/index.php?rest_route=\/wp\/v2\/pages\/1969\/revisions\/1971"}],"wp:attachment":[{"href":"https:\/\/ich.md\/index.php?rest_route=%2Fwp%2Fv2%2Fmedia&parent=1969"}],"curies":[{"name":"wp","href":"https:\/\/api.w.org\/{rel}","templated":true}]}}