{"id":2127,"date":"2016-08-25T12:00:45","date_gmt":"2016-08-25T08:00:45","guid":{"rendered":"http:\/\/ich.md\/?page_id=2127"},"modified":"2017-09-15T13:00:12","modified_gmt":"2017-09-15T09:00:12","slug":"2127-2","status":"publish","type":"page","link":"https:\/\/ich.md\/?page_id=2127","title":{"rendered":"Sec\u021bia Probleme Generale ale Etnografiei"},"content":{"rendered":"<p style=\"text-align: center;\"><b>Sec\u021bia<\/b><strong>\u00a0Probleme Generale ale Etnografiei include sectoarele:<\/strong><\/p>\n<ul>\n<li>Etnologia moldovenilor.<\/li>\n<li>Rela\u021bii interetnice.<\/li>\n<\/ul>\n<p style=\"text-align: center;\"><b>\u015eef<\/b><b> al Sec\u0163iei \u2013<\/b>\u00a0 <b>Dr. Natalia GR\u0102DINARU<\/b>.<\/p>\n<p style=\"text-align: center;\"><strong>Succint\u0103 istorie a Sec\u0163iei Probleme generale ale etnografiei<\/strong><\/p>\n<p>Cercet\u0103rile etnografice \u00een spa\u0163iul actualei Republici Moldova au o istorie impun\u0103toare, \u00eendelungat\u0103 \u015fi interesant\u0103. Este suficient s\u0103 ne referim la lucr\u0103rile lui Dimitrie Cantemir, Bogdan Petriceicu Ha\u015fdeu, Alecu Russo, Alexei Mateevici, la investiga\u0163iile expedi\u0163iei conduse de profesor, academician Dimitrie Gusti (organizat\u0103 de c\u0103tre Institutul Social Rom\u00e2n din Basarabia), la materialele deosebit de valoroase publicate \u00een presa din deferite perioade istorice. Totu\u015fi, ca structur\u0103 institu\u0163ional\u0103 academic\u0103, Sectorul de etnologie a moldovenilor \u00ee\u015fi are \u00eenceputurile \u00een Sectorul de Etnografie \u015fi Studiul Artelor, organizat \u00een anul 1961 \u00een cadrul Institutului de Istorie al Academiei de \u015etiin\u0163e din RSSM. Mai t\u00e2rziu, c\u00e2teva sectoare, inclusiv Sectorul de Etnografie \u015fi Studiul Artelor, se separ\u0103 de institutul \u00een care s-au constituit. Pe baza acestora, la care mai ader\u0103 unele sectoare, desprinse din Institutul de Limb\u0103 \u015fi Literatur\u0103, este fondat\u0103 Sec\u0163ia de Etnografie \u015fi Studiul Artelor, unitate \u015ftiin\u0163ific\u0103 independent\u0103 cu statut de institut al Academiei de \u015etiin\u0163e din RSSM. O perioad\u0103 relativ \u00eendelungat\u0103, Sec\u0163ia de Etnografie \u015fi Studiul Artelor a fost dirijat\u0103 de c\u0103tre prestigiosul etnograf \u015fi talentatul organizator al \u015ftiin\u0163ei, membru-corespondent al Academiei de \u015etiin\u0163e, profesor Valentin Zelenciuc. Strategia bun\u0103 de organizare a investiga\u0163iilor \u015ftiin\u0163ifice \u015fi de preg\u0103tire a cadrelor a asigurat succesul institu\u0163iei, fiind ini\u0163iate \u00een continuu noi direc\u0163ii de cercetare. Astfel, \u00een anul 1991, pe baza Sec\u0163iei de Etnografie \u015fi Studiul Artelor s-au constituit institute: Institutul de Etnografie \u015fi Folclor, Institutul de Arheologie \u015fi Istorie Veche, Institutul Studiul Artelor. La 6 noiembrie 1998, Adunarea General\u0103 a Academiei de \u015etiin\u0163e, la recomandarea Prezidiului Academiei de \u015etiin\u0163e, a luat decizia de a diviza Institutul de Etnografie \u015fi Folclor. \u00cen consecin\u0163\u0103, sectoarele de etnografie au fost comasate \u00een dou\u0103 sec\u0163ii: &#8222;Probleme generale ale etnografiei&#8221; \u015fi &#8222;Studierea me\u015fte\u015fugurilor populare artistice &#8222;, care la 1 aprilie 1999 au intrat \u00een componen\u0163a Institutului de Arheologie \u015fi Etnografie. Sectoarele de folclor literar \u015fi de folclor muzical au devenit parte integrant\u0103 a Institutului de Literatur\u0103 \u015fi Folclor. Ca urmare, cercetarea fundamental\u0103 \u00een domeniul etnologiei a fost din nou divizat\u0103. La 9 august 2006, Sec\u0163ia &#8222;Probleme generale ale etnografiei&#8221; a fost reorganizat\u0103 \u00een actualul sector de &#8222;Etnologie a moldovenilor&#8221; care \u00eempreun\u0103 cu sectorul &#8222;Rela\u0163ii interetnice&#8221; constituie o nou\u0103 sec\u0163ie cu acela\u015fi generic &#8222;Probleme generale ale etnografiei&#8221;. Sec\u0163ia &#8222;Studierea me\u015fte\u015fugurilor populare artistice&#8221; a fost transferat\u0103 la Muzeul Na\u0163ional de Etnografie \u015fi Istorie Natural\u0103. Sec\u0163ia &#8222;Probleme generale ale etnografiei&#8221;, \u00een noua sa formul\u0103, reprezint\u0103 una din componentele Centrului de Etnologie a Institutului Patrimoniului Cultural al A\u015eM.<br \/>\nCercet\u0103torii Sec\u0163iei \u201eProbleme generale ale etnografiei\u201d a Centrului de Etnologie al IPC al A\u015eM au efectuat investiga\u0163ii etnologice \u00een domeniul istoriei, tradi\u0163iilor, a etnodemografiei, etnopsihologiei, etnoistoriei at\u00e2t a moldovenilor, c\u00e2t \u015fi a minorit\u0103\u0163ilor na\u0163ionale din Republica Moldova \u00een contextul rela\u0163iilor interetnice \u015fi interferen\u0163elor etnoculturale \u00een procesul de integrare european\u0103. \u00cen ultimii ani o contribu\u0163ie important\u0103 \u015fi actual\u0103 a fost acordat\u0103 studierii diferitor aspecte ale culturii tradi\u0163ionale \u015fi a valorific\u0103rii patrimoniului cultural. Unele din cercet\u0103ri poart\u0103 caracter profund fundamental, dar \u00een aceea\u015fi m\u0103sur\u0103 \u015fi aplicativ. Cercet\u0103rile reprezint\u0103 investiga\u0163ii \u015ftiin\u0163ifice interdisciplinare, realizate pe diverse surse \u015fi metodologii \u015ftiin\u0163ifice contemporane. Rezultatele ob\u0163inute de c\u0103tre cercet\u0103torii Sec\u0163iei \u201eProbleme generale ale etnografiei\u201d \u00een perioada dat\u0103 constituie un suport \u015ftiin\u0163ific important \u015fi valoros pentru evolu\u0163ia \u015ftiin\u0163ei etnologice autohtone. Ele au fost prezentate \u015fi discutate la un \u015fir de foruri na\u0163ionale \u015fi interna\u0163ionale (Moldova, Ucraina, Rusia, Rom\u00e2nia, Fran\u0163a), fapt care confirm\u0103 veridicitatea \u015fi valoarea \u015ftiin\u0163ific\u0103 a investiga\u0163iilor. \u00cen Sec\u0163ie se efectueaz\u0103 un lucru meritoriu de cre\u015fterea cadrelor tinere. Recent au fost sus\u0163inute cu succes tezele de doctorat a domni\u015foarelor N. Ivanova, \u015fi N. Du\u015facova, L. Prisac. \u00cen momentul de fa\u0163\u0103 preg\u0103tesc lucr\u0103ri de doctorat V. Chirtoag\u0103, R. Osadci, N. Gr\u0103dinaru, L. Fulea L. Moisei, C. Cotoman, V. Cerlat, I. Du\u015facova. De asemenea, este necesar de men\u0163ionat c\u0103 lucr\u0103rile publicate \u00een ultimii ani constituie un suport substan\u0163ial at\u00e2t pentru cercet\u0103torii \u015fi practicienii \u00een domeniul artei tradi\u0163ionale, c\u00e2t \u015fi pentru profesori universitari, emisiuni televizate etc.<\/p>\n<p>\u00cen anul 2013 colaboratorii Centrului de Etnologie al IPC al A\u015eM au efectuat investiga\u0163iile etnologice \u00een domeniul istoriei, tradi\u0163iilor \u015fi culturii comunit\u0103\u0163ilor etnice din Republica Moldova \u00een contextul procesului de integrare european\u0103. A fost realizat\u0103 o contribu\u0163ie la studierea unui set \u00eentreg de probleme actuale \u00een domeniul umanistic \u015fi etnologic, \u00een domeniile: etnodemografiei, etnopsihologiei, etnoistoriei at\u00e2t a moldovenilor, c\u00e2t \u015fi a minorit\u0103\u0163ilor na\u0163ionale din Republica Moldova \u00een contextul rela\u0163iilor interetnice \u015fi interferen\u0163elor etnoculturale \u00een procesul de integrare european\u0103.<\/p>\n<p><a href=\"monografii-anuare-articole-publicatii-etnologie-relatii-interetnice\"><strong>Monografii, anuare, articole, publica\u021bii (etnologie) \/ Relatii interetnice<\/strong><\/a><\/p>\n","protected":false},"excerpt":{"rendered":"<p>Sec\u021bia\u00a0Probleme Generale ale Etnografiei include sectoarele: Etnologia moldovenilor. Rela\u021bii interetnice. \u015eef al Sec\u0163iei \u2013\u00a0 Dr. Natalia GR\u0102DINARU. Succint\u0103 istorie a Sec\u0163iei Probleme generale ale etnografiei<span class=\"read-more-link\"><a class=\"read-more\" href=\"https:\/\/ich.md\/?page_id=2127\">Read More<\/a><\/span><\/p>\n","protected":false},"author":2,"featured_media":0,"parent":0,"menu_order":0,"comment_status":"closed","ping_status":"closed","template":"","meta":[],"_links":{"self":[{"href":"https:\/\/ich.md\/index.php?rest_route=\/wp\/v2\/pages\/2127"}],"collection":[{"href":"https:\/\/ich.md\/index.php?rest_route=\/wp\/v2\/pages"}],"about":[{"href":"https:\/\/ich.md\/index.php?rest_route=\/wp\/v2\/types\/page"}],"author":[{"embeddable":true,"href":"https:\/\/ich.md\/index.php?rest_route=\/wp\/v2\/users\/2"}],"replies":[{"embeddable":true,"href":"https:\/\/ich.md\/index.php?rest_route=%2Fwp%2Fv2%2Fcomments&post=2127"}],"version-history":[{"count":6,"href":"https:\/\/ich.md\/index.php?rest_route=\/wp\/v2\/pages\/2127\/revisions"}],"predecessor-version":[{"id":2797,"href":"https:\/\/ich.md\/index.php?rest_route=\/wp\/v2\/pages\/2127\/revisions\/2797"}],"wp:attachment":[{"href":"https:\/\/ich.md\/index.php?rest_route=%2Fwp%2Fv2%2Fmedia&parent=2127"}],"curies":[{"name":"wp","href":"https:\/\/api.w.org\/{rel}","templated":true}]}}