{"id":4626,"date":"2020-08-03T12:26:22","date_gmt":"2020-08-03T09:26:22","guid":{"rendered":"http:\/\/ich.md\/?page_id=4626"},"modified":"2020-08-14T12:22:02","modified_gmt":"2020-08-14T09:22:02","slug":"rapoartele-stiintifice-pentru-anii-2015-2018","status":"publish","type":"page","link":"https:\/\/ich.md\/?page_id=4626","title":{"rendered":"Rapoartele \u0219tiin\u021bifice pentru anii 2015-2018"},"content":{"rendered":"<p style=\"text-align: center;\"><strong>IPC aduce la cuno\u0219tin\u021b\u0103 opiniei publice rapoartele sintetizate asupra implement\u0103rii proiectelor de cercetare \u00een anii 2015-2018<\/strong><\/p>\n<iframe id=\"gdoc-f7ebf67f20706ba56f0dc7784dac7130\" class=\"gdocs_shortcode gdocs_other\" src=\"https:\/\/drive.google.com\/file\/d\/1dJgc1EbkW2vAesnK5LkuXVPFuUcq8LeD\/preview\" width=\"800\" height=\"600\"><\/iframe>\n<iframe id=\"gdoc-26356b6b33346e78d5f641817ebbf821\" class=\"gdocs_shortcode gdocs_other\" src=\"https:\/\/drive.google.com\/file\/d\/1oTCXlRvwO_5hDGy0lUTF0aw1v-zZhhgv\/preview\" width=\"800\" height=\"600\"><\/iframe>\n<iframe id=\"gdoc-638f490b9429e554d14f68eace85c308\" class=\"gdocs_shortcode gdocs_other\" src=\"https:\/\/drive.google.com\/file\/d\/1YFjDPoB2GjjX741Y12VG6h7aHKS37fLx\/preview\" width=\"800\" height=\"600\"><\/iframe>\n<p style=\"text-align: center;\">\n","protected":false},"excerpt":{"rendered":"<p>IPC aduce la cuno\u0219tin\u021b\u0103 opiniei publice rapoartele sintetizate asupra implement\u0103rii proiectelor de cercetare \u00een anii 2015-2018<\/p>\n","protected":false},"author":2,"featured_media":0,"parent":0,"menu_order":0,"comment_status":"closed","ping_status":"closed","template":"","meta":[],"_links":{"self":[{"href":"https:\/\/ich.md\/index.php?rest_route=\/wp\/v2\/pages\/4626"}],"collection":[{"href":"https:\/\/ich.md\/index.php?rest_route=\/wp\/v2\/pages"}],"about":[{"href":"https:\/\/ich.md\/index.php?rest_route=\/wp\/v2\/types\/page"}],"author":[{"embeddable":true,"href":"https:\/\/ich.md\/index.php?rest_route=\/wp\/v2\/users\/2"}],"replies":[{"embeddable":true,"href":"https:\/\/ich.md\/index.php?rest_route=%2Fwp%2Fv2%2Fcomments&post=4626"}],"version-history":[{"count":10,"href":"https:\/\/ich.md\/index.php?rest_route=\/wp\/v2\/pages\/4626\/revisions"}],"predecessor-version":[{"id":4682,"href":"https:\/\/ich.md\/index.php?rest_route=\/wp\/v2\/pages\/4626\/revisions\/4682"}],"wp:attachment":[{"href":"https:\/\/ich.md\/index.php?rest_route=%2Fwp%2Fv2%2Fmedia&parent=4626"}],"curies":[{"name":"wp","href":"https:\/\/api.w.org\/{rel}","templated":true}]}}